{"id":512,"date":"2022-04-21T09:34:12","date_gmt":"2022-04-21T12:34:12","guid":{"rendered":"https:\/\/roboteasy.tech\/\/politica-de-privacidade\/"},"modified":"2022-05-12T15:55:42","modified_gmt":"2022-05-12T18:55:42","slug":"politica-de-privacidad","status":"publish","type":"page","link":"https:\/\/roboteasy.tech\/es\/politica-de-privacidad\/","title":{"rendered":"Pol\u00edtica de privacidad"},"content":{"rendered":"\n<h2 class=\"wp-block-heading\">Quienes somos<\/h2>\n\n<p>La direcci\u00f3n de nuestro sitio web es: https:\/\/homolog.roboteasy.com.br\/staging.<\/p>\n\n<h2 class=\"wp-block-heading\">Comentarios<\/h2>\n\n<p>Cuando los visitantes dejan comentarios en el sitio, recopilamos los datos que se muestran en el formulario de comentarios, adem\u00e1s de la direcci\u00f3n IP del visitante y los datos del navegador, para ayudar en la detecci\u00f3n de spam.<\/p>\n\n<p>Se puede enviar una cadena an\u00f3nima creada a partir de su correo electr\u00f3nico (tambi\u00e9n llamada hash) a Gravatar para verificar que utiliza el servicio. La pol\u00edtica de privacidad de Gravatar est\u00e1 disponible aqu\u00ed: https:\/\/automattic.com\/privacy\/. Una vez que se aprueba su comentario, su imagen de perfil es visible p\u00fablicamente junto a su comentario. <\/p>\n\n<h2 class=\"wp-block-heading\">Medios de comunicaci\u00f3n<\/h2>\n\n<p>Si carga im\u00e1genes en el sitio, evite cargar im\u00e1genes que contengan datos de ubicaci\u00f3n incrustados (GPS EXIF). Los visitantes pueden descargar estas im\u00e1genes del sitio y extraer sus datos de ubicaci\u00f3n de ellas. <\/p>\n\n<h2 class=\"wp-block-heading\">Galletas<\/h2>\n\n<p>Al dejar un comentario en el sitio, puede optar por guardar su nombre, correo electr\u00f3nico y sitio web en cookies. Esto es para tu comodidad, para que no tengas que volver a rellenar tus datos cuando hagas otro comentario. Estas cookies duran un a\u00f1o.  <\/p>\n\n<p>Si tiene una cuenta y accede a este sitio, se crear\u00e1 una cookie temporal para determinar si su navegador acepta cookies. No contiene ning\u00fan dato personal y se descartar\u00e1 cuando cierre su navegador. <\/p>\n\n<p>Cuando inicia sesi\u00f3n en su cuenta en el sitio web, tambi\u00e9n creamos varias cookies para guardar los datos de su cuenta y sus opciones de visualizaci\u00f3n de pantalla. Las cookies de inicio de sesi\u00f3n se conservan durante dos d\u00edas y las cookies de opciones de pantalla durante un a\u00f1o. Si selecciona \u00abRecordarme\u00bb, su acceso se mantendr\u00e1 durante dos semanas. Si cierra sesi\u00f3n en su cuenta, se eliminar\u00e1n las cookies de inicio de sesi\u00f3n.   <\/p>\n\n<p>Si edita o publica un art\u00edculo, se guardar\u00e1 una cookie adicional en su navegador. Esta cookie no incluye ning\u00fan dato personal y simplemente indica el ID de publicaci\u00f3n del art\u00edculo que acaba de editar. Caduca despu\u00e9s de 1 d\u00eda.  <\/p>\n\n<h2 class=\"wp-block-heading\">Medios incrustados de otros sitios<\/h2>\n\n<p>Las publicaciones en este sitio pueden incluir contenido incrustado, como videos, im\u00e1genes, art\u00edculos, etc. El contenido incrustado de otros sitios web se comporta exactamente de la misma manera que si el visitante estuviera visitando el otro sitio web. <\/p>\n\n<p>Las publicaciones en este sitio pueden incluir contenido incrustado, como videos, im\u00e1genes, art\u00edculos, etc. El contenido incrustado de otros sitios web se comporta exactamente de la misma manera que si el visitante estuviera visitando el otro sitio web.<\/p>\n\n<h2 class=\"wp-block-heading\">Con qui\u00e9n compartimos sus datos<\/h2>\n\n<p>Si solicita un restablecimiento de contrase\u00f1a, su direcci\u00f3n IP se incluir\u00e1 en el correo electr\u00f3nico de restablecimiento de contrase\u00f1a.<\/p>\n\n<h2 class=\"wp-block-heading\">Cuanto tiempo conservamos tus datos<\/h2>\n\n<p>Si deja un comentario, el comentario y sus metadatos se conservan indefinidamente. Hacemos esto para que podamos reconocer y aprobar autom\u00e1ticamente cualquier comentario posterior en lugar de retenerlos para moderaci\u00f3n. <\/p>\n\n<p>Para los usuarios que se registran en nuestro sitio (si los hay), tambi\u00e9n conservamos la informaci\u00f3n personal que proporciona en su perfil de usuario. Todos los usuarios pueden ver, editar o eliminar su informaci\u00f3n personal en cualquier momento (simplemente no es posible cambiar su nombre de usuario). Los administradores del sitio tambi\u00e9n pueden ver y editar esta informaci\u00f3n.  <\/p>\n\n<h2 class=\"wp-block-heading\">Cu\u00e1les son sus derechos sobre sus datos<\/h2>\n\n<p>Si tiene una cuenta en este sitio o si ha dejado comentarios, puede solicitar un archivo exportado de los datos personales que tenemos sobre usted, incluidos los datos que nos haya proporcionado. Tambi\u00e9n puede solicitar que eliminemos cualquier dato personal que tengamos sobre usted. Esto no incluye ning\u00fan dato que estemos obligados a conservar con fines administrativos, legales o de seguridad.  <\/p>\n\n<h2 class=\"wp-block-heading\">Donde enviamos tus datos<\/h2>\n\n<p>Los comentarios de los visitantes pueden ser marcados por un servicio de detecci\u00f3n autom\u00e1tica de spam.<\/p>\n","protected":false},"excerpt":{"rendered":"<p>Quienes somos La direcci\u00f3n de nuestro sitio web es: https:\/\/homolog.roboteasy.com.br\/staging. Comentarios Cuando los visitantes dejan comentarios en el sitio, recopilamos los datos que se muestran en el formulario de comentarios, adem\u00e1s de la direcci\u00f3n IP del visitante y los datos del navegador, para ayudar en la detecci\u00f3n de spam. Se puede enviar una cadena an\u00f3nima [&hellip;]<\/p>\n","protected":false},"author":1,"featured_media":0,"parent":0,"menu_order":0,"comment_status":"closed","ping_status":"open","template":"privacy-policy.php","meta":{"inline_featured_image":false,"_mi_skip_tracking":false,"footnotes":""},"class_list":["post-512","page","type-page","status-publish","hentry"],"yoast_head":"<!-- This site is optimized with the Yoast SEO plugin v20.5 - https:\/\/yoast.com\/wordpress\/plugins\/seo\/ -->\n<title>Pol\u00edtica de privacidad -<\/title>\n<meta name=\"robots\" content=\"index, follow, max-snippet:-1, max-image-preview:large, max-video-preview:-1\" \/>\n<link rel=\"canonical\" href=\"https:\/\/roboteasy.tech\/es\/politica-de-privacidad\/\" \/>\n<meta property=\"og:locale\" content=\"es_ES\" \/>\n<meta property=\"og:type\" content=\"article\" \/>\n<meta property=\"og:title\" content=\"Pol\u00edtica de privacidad -\" \/>\n<meta property=\"og:description\" content=\"Quienes somos La direcci\u00f3n de nuestro sitio web es: https:\/\/homolog.roboteasy.com.br\/staging. Comentarios Cuando los visitantes dejan comentarios en el sitio, recopilamos los datos que se muestran en el formulario de comentarios, adem\u00e1s de la direcci\u00f3n IP del visitante y los datos del navegador, para ayudar en la detecci\u00f3n de spam. Se puede enviar una cadena an\u00f3nima [&hellip;]\" \/>\n<meta property=\"og:url\" content=\"https:\/\/roboteasy.tech\/es\/politica-de-privacidad\/\" \/>\n<meta property=\"article:modified_time\" content=\"2022-05-12T18:55:42+00:00\" \/>\n<meta name=\"twitter:card\" content=\"summary_large_image\" \/>\n<meta name=\"twitter:label1\" content=\"Tiempo de lectura\" \/>\n\t<meta name=\"twitter:data1\" content=\"3 minutos\" \/>\n<script type=\"application\/ld+json\" class=\"yoast-schema-graph\">{\"@context\":\"https:\/\/schema.org\",\"@graph\":[{\"@type\":\"WebPage\",\"@id\":\"https:\/\/roboteasy.tech\/es\/politica-de-privacidad\/\",\"url\":\"https:\/\/roboteasy.tech\/es\/politica-de-privacidad\/\",\"name\":\"Pol\u00edtica de privacidad -\",\"isPartOf\":{\"@id\":\"https:\/\/roboteasy.tech\/#website\"},\"datePublished\":\"2022-04-21T12:34:12+00:00\",\"dateModified\":\"2022-05-12T18:55:42+00:00\",\"breadcrumb\":{\"@id\":\"https:\/\/roboteasy.tech\/es\/politica-de-privacidad\/#breadcrumb\"},\"inLanguage\":\"es\",\"potentialAction\":[{\"@type\":\"ReadAction\",\"target\":[\"https:\/\/roboteasy.tech\/es\/politica-de-privacidad\/\"]}]},{\"@type\":\"BreadcrumbList\",\"@id\":\"https:\/\/roboteasy.tech\/es\/politica-de-privacidad\/#breadcrumb\",\"itemListElement\":[{\"@type\":\"ListItem\",\"position\":1,\"name\":\"In\u00edcio\",\"item\":\"https:\/\/roboteasy.tech\/es\/\"},{\"@type\":\"ListItem\",\"position\":2,\"name\":\"Pol\u00edtica de privacidad\"}]},{\"@type\":\"WebSite\",\"@id\":\"https:\/\/roboteasy.tech\/#website\",\"url\":\"https:\/\/roboteasy.tech\/\",\"name\":\"\",\"description\":\"\",\"potentialAction\":[{\"@type\":\"SearchAction\",\"target\":{\"@type\":\"EntryPoint\",\"urlTemplate\":\"https:\/\/roboteasy.tech\/?s={search_term_string}\"},\"query-input\":\"required name=search_term_string\"}],\"inLanguage\":\"es\"}]}<\/script>\n<!-- \/ Yoast SEO plugin. -->","yoast_head_json":{"title":"Pol\u00edtica de privacidad -","robots":{"index":"index","follow":"follow","max-snippet":"max-snippet:-1","max-image-preview":"max-image-preview:large","max-video-preview":"max-video-preview:-1"},"canonical":"https:\/\/roboteasy.tech\/es\/politica-de-privacidad\/","og_locale":"es_ES","og_type":"article","og_title":"Pol\u00edtica de privacidad -","og_description":"Quienes somos La direcci\u00f3n de nuestro sitio web es: https:\/\/homolog.roboteasy.com.br\/staging. Comentarios Cuando los visitantes dejan comentarios en el sitio, recopilamos los datos que se muestran en el formulario de comentarios, adem\u00e1s de la direcci\u00f3n IP del visitante y los datos del navegador, para ayudar en la detecci\u00f3n de spam. Se puede enviar una cadena an\u00f3nima [&hellip;]","og_url":"https:\/\/roboteasy.tech\/es\/politica-de-privacidad\/","article_modified_time":"2022-05-12T18:55:42+00:00","twitter_card":"summary_large_image","twitter_misc":{"Tiempo de lectura":"3 minutos"},"schema":{"@context":"https:\/\/schema.org","@graph":[{"@type":"WebPage","@id":"https:\/\/roboteasy.tech\/es\/politica-de-privacidad\/","url":"https:\/\/roboteasy.tech\/es\/politica-de-privacidad\/","name":"Pol\u00edtica de privacidad -","isPartOf":{"@id":"https:\/\/roboteasy.tech\/#website"},"datePublished":"2022-04-21T12:34:12+00:00","dateModified":"2022-05-12T18:55:42+00:00","breadcrumb":{"@id":"https:\/\/roboteasy.tech\/es\/politica-de-privacidad\/#breadcrumb"},"inLanguage":"es","potentialAction":[{"@type":"ReadAction","target":["https:\/\/roboteasy.tech\/es\/politica-de-privacidad\/"]}]},{"@type":"BreadcrumbList","@id":"https:\/\/roboteasy.tech\/es\/politica-de-privacidad\/#breadcrumb","itemListElement":[{"@type":"ListItem","position":1,"name":"In\u00edcio","item":"https:\/\/roboteasy.tech\/es\/"},{"@type":"ListItem","position":2,"name":"Pol\u00edtica de privacidad"}]},{"@type":"WebSite","@id":"https:\/\/roboteasy.tech\/#website","url":"https:\/\/roboteasy.tech\/","name":"","description":"","potentialAction":[{"@type":"SearchAction","target":{"@type":"EntryPoint","urlTemplate":"https:\/\/roboteasy.tech\/?s={search_term_string}"},"query-input":"required name=search_term_string"}],"inLanguage":"es"}]}},"_links":{"self":[{"href":"https:\/\/roboteasy.tech\/es\/wp-json\/wp\/v2\/pages\/512","targetHints":{"allow":["GET"]}}],"collection":[{"href":"https:\/\/roboteasy.tech\/es\/wp-json\/wp\/v2\/pages"}],"about":[{"href":"https:\/\/roboteasy.tech\/es\/wp-json\/wp\/v2\/types\/page"}],"author":[{"embeddable":true,"href":"https:\/\/roboteasy.tech\/es\/wp-json\/wp\/v2\/users\/1"}],"replies":[{"embeddable":true,"href":"https:\/\/roboteasy.tech\/es\/wp-json\/wp\/v2\/comments?post=512"}],"version-history":[{"count":2,"href":"https:\/\/roboteasy.tech\/es\/wp-json\/wp\/v2\/pages\/512\/revisions"}],"predecessor-version":[{"id":577,"href":"https:\/\/roboteasy.tech\/es\/wp-json\/wp\/v2\/pages\/512\/revisions\/577"}],"wp:attachment":[{"href":"https:\/\/roboteasy.tech\/es\/wp-json\/wp\/v2\/media?parent=512"}],"curies":[{"name":"wp","href":"https:\/\/api.w.org\/{rel}","templated":true}]}}