{"id":1090,"date":"2022-04-21T11:02:15","date_gmt":"2022-04-21T14:02:15","guid":{"rendered":"https:\/\/roboteasy.tech\/\/partners\/"},"modified":"2022-09-05T23:47:57","modified_gmt":"2022-09-06T02:47:57","slug":"partners","status":"publish","type":"page","link":"https:\/\/roboteasy.tech\/es\/partners\/","title":{"rendered":"Partners"},"content":{"rendered":"\n<div class=\"wp-block-cover alignfull\" style=\"min-height:596px;aspect-ratio:unset;\"><span aria-hidden=\"true\" class=\"wp-block-cover__background has-background-dim-0 has-background-dim\"><\/span><img loading=\"lazy\" decoding=\"async\" width=\"1949\" height=\"869\" class=\"wp-block-cover__image-background wp-image-297\" alt=\"\" src=\"https:\/\/homolog.roboteasy.com.br\/staging\/wp-content\/uploads\/2022\/04\/banner_parceiros.jpg\" style=\"object-position:71% 46%\" data-object-fit=\"cover\" data-object-position=\"71% 46%\" srcset=\"https:\/\/roboteasy.tech\/wp-content\/uploads\/2022\/04\/banner_parceiros.jpg 1949w, https:\/\/roboteasy.tech\/wp-content\/uploads\/2022\/04\/banner_parceiros-300x134.jpg 300w, https:\/\/roboteasy.tech\/wp-content\/uploads\/2022\/04\/banner_parceiros-1024x457.jpg 1024w, https:\/\/roboteasy.tech\/wp-content\/uploads\/2022\/04\/banner_parceiros-768x342.jpg 768w, https:\/\/roboteasy.tech\/wp-content\/uploads\/2022\/04\/banner_parceiros-1536x685.jpg 1536w\" sizes=\"auto, (max-width: 1949px) 100vw, 1949px\" \/><div class=\"wp-block-cover__inner-container is-layout-flow wp-block-cover-is-layout-flow\">\n<div class=\"wp-block-group\"><div class=\"wp-block-group__inner-container is-layout-flow wp-block-group-is-layout-flow\">\n<div style=\"height:62px\" aria-hidden=\"true\" class=\"wp-block-spacer\"><\/div>\n\n\n\n<div class=\"wp-block-columns is-style-column-align-left is-layout-flex wp-container-core-columns-is-layout-9d6595d7 wp-block-columns-is-layout-flex\">\n<div class=\"wp-block-column is-style-default is-layout-flow wp-block-column-is-layout-flow\" style=\"flex-basis:31rem\">\n<div class=\"wp-block-group\"><div class=\"wp-block-group__inner-container is-layout-flow wp-block-group-is-layout-flow\">\n<h1 class=\"has-branco-color has-text-color wp-block-heading\" style=\"font-style:normal;font-weight:500\">Red de Partners de RobotEasy<\/h1>\n\n\n\n<div style=\"height:2rem\" aria-hidden=\"true\" class=\"wp-block-spacer\"><\/div>\n\n\n\n<p class=\"has-branco-color has-text-color has-grande-destaque-font-size\">Generaci\u00f3n de resultados con automatizaci\u00f3n de procesos.<\/p>\n\n\n\n<div style=\"height:2rem\" aria-hidden=\"true\" class=\"wp-block-spacer\"><\/div>\n\n\n\n<div class=\"wp-block-buttons is-layout-flex wp-block-buttons-is-layout-flex\">\n<div class=\"wp-block-button is-style-orange-button\"><a class=\"wp-block-button__link\" href=\"#contato\">Sea un Partner<\/a><\/div>\n<\/div>\n<\/div><\/div>\n<\/div>\n<\/div>\n<\/div><\/div>\n<\/div><\/div>\n\n\n\n<div class=\"wp-block-cover alignfull is-light\" style=\"min-height:130px;aspect-ratio:unset;\" id=\"parceiros\"><span aria-hidden=\"true\" class=\"wp-block-cover__background has-branco-background-color has-background-dim-100 has-background-dim\"><\/span><div class=\"wp-block-cover__inner-container is-layout-flow wp-block-cover-is-layout-flow\">\n<div class=\"wp-block-columns is-layout-flex wp-container-core-columns-is-layout-9d6595d7 wp-block-columns-is-layout-flex\">\n<div class=\"wp-block-column is-layout-flow wp-block-column-is-layout-flow\">\n<div style=\"height:42px\" aria-hidden=\"true\" class=\"wp-block-spacer\"><\/div>\n\n\n\n<div class=\"wp-block-columns is-style-column-align-center is-layout-flex wp-container-core-columns-is-layout-9d6595d7 wp-block-columns-is-layout-flex\">\n<div class=\"wp-block-column is-layout-flow wp-block-column-is-layout-flow\" style=\"flex-basis:58rem\">\n<p class=\"has-text-align-center has-azul-escuro-1-color has-text-color has-destaque-font-size\" style=\"font-style:normal;font-weight:500\">Promotores de la transformaci\u00f3n y automatizaci\u00f3n de procesos en las empresas. Conozca nuestra red de partners: <\/p>\n<\/div>\n<\/div>\n\n\n            <div class=\"partner-container glider-contain\">\n                <div class=\"partner-container__wrapper glider\">\n                                    <div class=\"partner-item\">\n                    <img decoding=\"async\" alt=\"Alle\" src=\"\" title=\"Alle\">\n                <\/div>                <div class=\"partner-item\">\n                    <img decoding=\"async\" alt=\"ASQ\" src=\"\" title=\"ASQ\">\n                <\/div>                <div class=\"partner-item\">\n                    <img decoding=\"async\" alt=\"Data It\" src=\"\" title=\"Data It\">\n                <\/div>                <div class=\"partner-item\">\n                    <img decoding=\"async\" alt=\"Exeq\" src=\"\" title=\"Exeq\">\n                <\/div>                <div class=\"partner-item\">\n                    <img decoding=\"async\" alt=\"Gobi\" src=\"\" title=\"Gobi\">\n                <\/div>                <div class=\"partner-item\">\n                    <img decoding=\"async\" alt=\"Hashinfo\" src=\"\" title=\"Hashinfo\">\n                <\/div>                <div class=\"partner-item\">\n                    <img decoding=\"async\" alt=\"HCM\" src=\"\" title=\"HCM\">\n                <\/div>                <div class=\"partner-item\">\n                    <img decoding=\"async\" alt=\"Itsx\" src=\"\" title=\"Itsx\">\n                <\/div>                <div class=\"partner-item\">\n                    <img decoding=\"async\" alt=\"Leef\" src=\"\" title=\"Leef\">\n                <\/div>                <div class=\"partner-item\">\n                    <img decoding=\"async\" alt=\"Linklab Acate\" src=\"\" title=\"Linklab Acate\">\n                <\/div>                <div class=\"partner-item\">\n                    <img decoding=\"async\" alt=\"NewTech\" src=\"\" title=\"NewTech\">\n                <\/div>                <div class=\"partner-item\">\n                    <img decoding=\"async\" alt=\"ProConcept\" src=\"\" title=\"ProConcept\">\n                <\/div>                <div class=\"partner-item\">\n                    <img decoding=\"async\" alt=\"RCit\" src=\"\" title=\"RCit\">\n                <\/div>                <div class=\"partner-item\">\n                    <img decoding=\"async\" alt=\"SoftExpert\" src=\"\" title=\"SoftExpert\">\n                <\/div>                <div class=\"partner-item\">\n                    <img decoding=\"async\" alt=\"Softwaresul\" src=\"\" title=\"Softwaresul\">\n                <\/div>                <div class=\"partner-item\">\n                    <img decoding=\"async\" alt=\"TAB\" src=\"\" title=\"TAB\">\n                <\/div>                <div class=\"partner-item\">\n                    <img decoding=\"async\" alt=\"Tecnoset\" src=\"\" title=\"Tecnoset\">\n                <\/div>                <div class=\"partner-item\">\n                    <img decoding=\"async\" alt=\"TGN\" src=\"\" title=\"TGN\">\n                <\/div>                <div class=\"partner-item\">\n                    <img decoding=\"async\" alt=\"TNX\" src=\"\" title=\"TNX\">\n                <\/div>                <div class=\"partner-item\">\n                    <img decoding=\"async\" alt=\"Wayon\" src=\"\" title=\"Wayon\">\n                <\/div>\n                <\/div>\n                <div class=\"dots\" role=\"tablist\"><\/div>\n            <\/div><\/div>\n<\/div>\n<\/div><\/div>\n\n\n\n<div class=\"wp-block-cover alignfull is-light\" id=\"servicos\"><span aria-hidden=\"true\" class=\"wp-block-cover__background has-cinza-claro-1-background-color has-background-dim-100 has-background-dim\"><\/span><div class=\"wp-block-cover__inner-container is-layout-flow wp-block-cover-is-layout-flow\">\n<div style=\"height:54px\" aria-hidden=\"true\" class=\"wp-block-spacer\"><\/div>\n\n\n\n<div class=\"wp-block-columns is-style-column-align-center is-layout-flex wp-container-core-columns-is-layout-9d6595d7 wp-block-columns-is-layout-flex\">\n<div class=\"wp-block-column is-layout-flow wp-block-column-is-layout-flow\" style=\"flex-basis:50rem\">\n<p class=\"has-text-align-center has-azul-escuro-1-color has-text-color\" style=\"font-size:32px;font-style:normal;font-weight:500\">Jornada del Partner de RobotEasy<\/p>\n\n\n\n<p class=\"has-text-align-center has-azul-escuro-2-color has-text-color has-grande-destaque-font-size\" style=\"font-style:normal;font-weight:400\">Al unirse a la red de partners, tiene todo el apoyo que necesita para vender nuestros servicios.<\/p>\n<\/div>\n<\/div>\n\n\n\n<div style=\"height:30px\" aria-hidden=\"true\" class=\"wp-block-spacer\"><\/div>\n\n\n            <div class=\"responsive-container\">\n                \n<div class=\"wp-block-image\">\n<figure class=\"aligncenter size-large\"><img loading=\"lazy\" decoding=\"async\" width=\"1024\" height=\"260\" src=\"https:\/\/homolog.roboteasy.com.br\/staging\/wp-content\/uploads\/2022\/09\/Jornada-do-Cliente-Desktop-ESP-1024x260.png\" alt=\"\" class=\"wp-image-1113\" srcset=\"https:\/\/roboteasy.tech\/wp-content\/uploads\/2022\/09\/Jornada-do-Cliente-Desktop-ESP-1024x260.png 1024w, https:\/\/roboteasy.tech\/wp-content\/uploads\/2022\/09\/Jornada-do-Cliente-Desktop-ESP-300x76.png 300w, https:\/\/roboteasy.tech\/wp-content\/uploads\/2022\/09\/Jornada-do-Cliente-Desktop-ESP-768x195.png 768w, https:\/\/roboteasy.tech\/wp-content\/uploads\/2022\/09\/Jornada-do-Cliente-Desktop-ESP.png 1144w\" sizes=\"auto, (max-width: 1024px) 100vw, 1024px\" \/><\/figure>\n<\/div>\n\n<div class=\"wp-block-image\">\n<figure class=\"aligncenter size-large\"><img loading=\"lazy\" decoding=\"async\" width=\"298\" height=\"1024\" src=\"https:\/\/homolog.roboteasy.com.br\/staging\/wp-content\/uploads\/2022\/09\/Jornada-do-Cliente-Mobile-ESP-298x1024.png\" alt=\"\" class=\"wp-image-1116\" srcset=\"https:\/\/roboteasy.tech\/wp-content\/uploads\/2022\/09\/Jornada-do-Cliente-Mobile-ESP-298x1024.png 298w, https:\/\/roboteasy.tech\/wp-content\/uploads\/2022\/09\/Jornada-do-Cliente-Mobile-ESP-87x300.png 87w, https:\/\/roboteasy.tech\/wp-content\/uploads\/2022\/09\/Jornada-do-Cliente-Mobile-ESP.png 380w\" sizes=\"auto, (max-width: 298px) 100vw, 298px\" \/><\/figure>\n<\/div>\n\n            <\/div>\n\n\n<div style=\"height:80px\" aria-hidden=\"true\" class=\"wp-block-spacer\"><\/div>\n<\/div><\/div>\n\n\n\n<div class=\"wp-block-columns alignfull is-style-column-50-grid-content is-layout-flex wp-container-core-columns-is-layout-9d6595d7 wp-block-columns-is-layout-flex\" id=\"contato\">\n<div class=\"wp-block-column is-vertically-aligned-center is-style-default is-layout-flow wp-block-column-is-layout-flow\">\n<div style=\"height:3rem\" aria-hidden=\"true\" class=\"wp-block-spacer\"><\/div>\n\n\n\n<p class=\"has-azul-escuro-1-color has-text-color\" style=\"font-size:32px;font-style:normal;font-weight:500\">\u00danase a la red de partners de RobotEasy<\/p>\n\n\n\n<p class=\"has-verde-agua-color has-text-color\" style=\"font-size:28px;font-style:normal;font-weight:400\">Lleve a sus clientes al siguiente nivel de transformaci\u00f3n con la automatizaci\u00f3n rob\u00f3tica de procesos (RPA)<\/p>\n\n\n\n<div style=\"height:3rem\" aria-hidden=\"true\" class=\"wp-block-spacer\"><\/div>\n<\/div>\n\n\n\n<div class=\"wp-block-column is-style-column-roboteasy input-seamless-transparent is-layout-flow wp-block-column-is-layout-flow\">\n<div class=\"wp-block-contact-form-7-contact-form-selector\"><div role=\"form\" class=\"wpcf7\" id=\"wpcf7-f578-o1\" lang=\"es-ES\" dir=\"ltr\">\n<div class=\"screen-reader-response\"><p role=\"status\" aria-live=\"polite\" aria-atomic=\"true\"><\/p> <ul><\/ul><\/div>\n<form action=\"\/es\/wp-json\/wp\/v2\/pages\/1090#wpcf7-f578-o1\" method=\"post\" class=\"wpcf7-form init wpcf7-acceptance-as-validation\" novalidate=\"novalidate\" data-status=\"init\">\n<div style=\"display: none;\">\n<input type=\"hidden\" name=\"_wpcf7\" value=\"578\" \/>\n<input type=\"hidden\" name=\"_wpcf7_version\" value=\"5.6.4\" \/>\n<input type=\"hidden\" name=\"_wpcf7_locale\" value=\"es_ES\" \/>\n<input type=\"hidden\" name=\"_wpcf7_unit_tag\" value=\"wpcf7-f578-o1\" \/>\n<input type=\"hidden\" name=\"_wpcf7_container_post\" value=\"0\" \/>\n<input type=\"hidden\" name=\"_wpcf7_posted_data_hash\" value=\"\" \/>\n<\/div>\n<p><label> Nombre<br \/>\n    <span class=\"wpcf7-form-control-wrap\" data-name=\"your-name\"><input type=\"text\" name=\"your-name\" value=\"\" size=\"40\" class=\"wpcf7-form-control wpcf7-text wpcf7-validates-as-required\" aria-required=\"true\" aria-invalid=\"false\" \/><\/span> <\/label><\/p>\n<p><label> E-mail<br \/>\n    <span class=\"wpcf7-form-control-wrap\" data-name=\"your-email\"><input type=\"email\" name=\"your-email\" value=\"\" size=\"40\" class=\"wpcf7-form-control wpcf7-text wpcf7-email wpcf7-validates-as-required wpcf7-validates-as-email\" aria-required=\"true\" aria-invalid=\"false\" \/><\/span> <\/label><\/p>\n<p><label> Tel\u00e9fono<br \/>\n    <span class=\"wpcf7-form-control-wrap\" data-name=\"your-phone\"><input type=\"text\" name=\"your-phone\" value=\"\" size=\"40\" class=\"wpcf7-form-control wpcf7-text wpcf7-validates-as-required\" aria-required=\"true\" aria-invalid=\"false\" \/><\/span> <\/label><\/p>\n<p><label> Empresa<br \/>\n    <span class=\"wpcf7-form-control-wrap\" data-name=\"your-company\"><input type=\"text\" name=\"your-company\" value=\"\" size=\"40\" class=\"wpcf7-form-control wpcf7-text\" aria-invalid=\"false\" \/><\/span> <\/label><\/p>\n<p><span class=\"wpcf7-form-control-wrap\" data-name=\"accept-terms\"><span class=\"wpcf7-form-control wpcf7-acceptance\"><span class=\"wpcf7-list-item\"><label><input type=\"checkbox\" name=\"accept-terms\" value=\"1\" aria-invalid=\"false\" \/><span class=\"wpcf7-list-item-label\">Acepto los <a href='\/politica-de-privacidade'>t\u00e9rminos de uso<\/a> del sitio.<\/span><\/label><\/span><\/span><\/span><\/p>\n<div class=\"wp-block-button is-style-blue-button no-margin-horizontal submit-button\">\n    <input type=\"submit\" value=\"Enviar\" class=\"wpcf7-form-control has-spinner wpcf7-submit\" \/>\n<\/div>\n<style>\n.submit-button {margin-top: 1rem;}\n<\/style>\n<input type='hidden' class='wpcf7-pum' value='{\"closepopup\":false,\"closedelay\":0,\"openpopup\":false,\"openpopup_id\":0}' \/><div class=\"wpcf7-response-output\" aria-hidden=\"true\"><\/div><\/form><\/div><\/div>\n<\/div>\n<\/div>\n","protected":false},"excerpt":{"rendered":"<p>\u00danase a la red de partners de RobotEasy Lleve a sus clientes al siguiente nivel de transformaci\u00f3n con la automatizaci\u00f3n rob\u00f3tica de procesos (RPA)<\/p>\n","protected":false},"author":1,"featured_media":0,"parent":0,"menu_order":0,"comment_status":"closed","ping_status":"closed","template":"","meta":{"inline_featured_image":false,"_mi_skip_tracking":false,"footnotes":""},"class_list":["post-1090","page","type-page","status-publish","hentry"],"yoast_head":"<!-- This site is optimized with the Yoast SEO plugin v20.5 - https:\/\/yoast.com\/wordpress\/plugins\/seo\/ -->\n<title>Partners -<\/title>\n<meta name=\"robots\" content=\"index, follow, max-snippet:-1, max-image-preview:large, max-video-preview:-1\" \/>\n<link rel=\"canonical\" href=\"https:\/\/roboteasy.tech\/es\/partners\/\" \/>\n<meta property=\"og:locale\" content=\"es_ES\" \/>\n<meta property=\"og:type\" content=\"article\" \/>\n<meta property=\"og:title\" content=\"Partners -\" \/>\n<meta property=\"og:description\" content=\"\u00danase a la red de partners de RobotEasy Lleve a sus clientes al siguiente nivel de transformaci\u00f3n con la automatizaci\u00f3n rob\u00f3tica de procesos (RPA)\" \/>\n<meta property=\"og:url\" content=\"https:\/\/roboteasy.tech\/es\/partners\/\" \/>\n<meta property=\"article:modified_time\" content=\"2022-09-06T02:47:57+00:00\" \/>\n<meta property=\"og:image\" content=\"https:\/\/homolog.roboteasy.com.br\/staging\/wp-content\/uploads\/2022\/04\/banner_parceiros.jpg\" \/>\n<meta name=\"twitter:card\" content=\"summary_large_image\" \/>\n<script type=\"application\/ld+json\" class=\"yoast-schema-graph\">{\"@context\":\"https:\/\/schema.org\",\"@graph\":[{\"@type\":\"WebPage\",\"@id\":\"https:\/\/roboteasy.tech\/es\/partners\/\",\"url\":\"https:\/\/roboteasy.tech\/es\/partners\/\",\"name\":\"Partners -\",\"isPartOf\":{\"@id\":\"https:\/\/roboteasy.tech\/#website\"},\"datePublished\":\"2022-04-21T14:02:15+00:00\",\"dateModified\":\"2022-09-06T02:47:57+00:00\",\"breadcrumb\":{\"@id\":\"https:\/\/roboteasy.tech\/es\/partners\/#breadcrumb\"},\"inLanguage\":\"es\",\"potentialAction\":[{\"@type\":\"ReadAction\",\"target\":[\"https:\/\/roboteasy.tech\/es\/partners\/\"]}]},{\"@type\":\"BreadcrumbList\",\"@id\":\"https:\/\/roboteasy.tech\/es\/partners\/#breadcrumb\",\"itemListElement\":[{\"@type\":\"ListItem\",\"position\":1,\"name\":\"In\u00edcio\",\"item\":\"https:\/\/roboteasy.tech\/es\/\"},{\"@type\":\"ListItem\",\"position\":2,\"name\":\"Partners\"}]},{\"@type\":\"WebSite\",\"@id\":\"https:\/\/roboteasy.tech\/#website\",\"url\":\"https:\/\/roboteasy.tech\/\",\"name\":\"\",\"description\":\"\",\"potentialAction\":[{\"@type\":\"SearchAction\",\"target\":{\"@type\":\"EntryPoint\",\"urlTemplate\":\"https:\/\/roboteasy.tech\/?s={search_term_string}\"},\"query-input\":\"required name=search_term_string\"}],\"inLanguage\":\"es\"}]}<\/script>\n<!-- \/ Yoast SEO plugin. -->","yoast_head_json":{"title":"Partners -","robots":{"index":"index","follow":"follow","max-snippet":"max-snippet:-1","max-image-preview":"max-image-preview:large","max-video-preview":"max-video-preview:-1"},"canonical":"https:\/\/roboteasy.tech\/es\/partners\/","og_locale":"es_ES","og_type":"article","og_title":"Partners -","og_description":"\u00danase a la red de partners de RobotEasy Lleve a sus clientes al siguiente nivel de transformaci\u00f3n con la automatizaci\u00f3n rob\u00f3tica de procesos (RPA)","og_url":"https:\/\/roboteasy.tech\/es\/partners\/","article_modified_time":"2022-09-06T02:47:57+00:00","og_image":[{"url":"https:\/\/homolog.roboteasy.com.br\/staging\/wp-content\/uploads\/2022\/04\/banner_parceiros.jpg"}],"twitter_card":"summary_large_image","schema":{"@context":"https:\/\/schema.org","@graph":[{"@type":"WebPage","@id":"https:\/\/roboteasy.tech\/es\/partners\/","url":"https:\/\/roboteasy.tech\/es\/partners\/","name":"Partners -","isPartOf":{"@id":"https:\/\/roboteasy.tech\/#website"},"datePublished":"2022-04-21T14:02:15+00:00","dateModified":"2022-09-06T02:47:57+00:00","breadcrumb":{"@id":"https:\/\/roboteasy.tech\/es\/partners\/#breadcrumb"},"inLanguage":"es","potentialAction":[{"@type":"ReadAction","target":["https:\/\/roboteasy.tech\/es\/partners\/"]}]},{"@type":"BreadcrumbList","@id":"https:\/\/roboteasy.tech\/es\/partners\/#breadcrumb","itemListElement":[{"@type":"ListItem","position":1,"name":"In\u00edcio","item":"https:\/\/roboteasy.tech\/es\/"},{"@type":"ListItem","position":2,"name":"Partners"}]},{"@type":"WebSite","@id":"https:\/\/roboteasy.tech\/#website","url":"https:\/\/roboteasy.tech\/","name":"","description":"","potentialAction":[{"@type":"SearchAction","target":{"@type":"EntryPoint","urlTemplate":"https:\/\/roboteasy.tech\/?s={search_term_string}"},"query-input":"required name=search_term_string"}],"inLanguage":"es"}]}},"_links":{"self":[{"href":"https:\/\/roboteasy.tech\/es\/wp-json\/wp\/v2\/pages\/1090","targetHints":{"allow":["GET"]}}],"collection":[{"href":"https:\/\/roboteasy.tech\/es\/wp-json\/wp\/v2\/pages"}],"about":[{"href":"https:\/\/roboteasy.tech\/es\/wp-json\/wp\/v2\/types\/page"}],"author":[{"embeddable":true,"href":"https:\/\/roboteasy.tech\/es\/wp-json\/wp\/v2\/users\/1"}],"replies":[{"embeddable":true,"href":"https:\/\/roboteasy.tech\/es\/wp-json\/wp\/v2\/comments?post=1090"}],"version-history":[{"count":5,"href":"https:\/\/roboteasy.tech\/es\/wp-json\/wp\/v2\/pages\/1090\/revisions"}],"predecessor-version":[{"id":1120,"href":"https:\/\/roboteasy.tech\/es\/wp-json\/wp\/v2\/pages\/1090\/revisions\/1120"}],"wp:attachment":[{"href":"https:\/\/roboteasy.tech\/es\/wp-json\/wp\/v2\/media?parent=1090"}],"curies":[{"name":"wp","href":"https:\/\/api.w.org\/{rel}","templated":true}]}}